{"id":95829,"date":"2025-12-05T12:39:39","date_gmt":"2025-12-05T12:39:39","guid":{"rendered":"https:\/\/ww2.oldtimersgilis.be\/wp2\/conditions-generales\/"},"modified":"2025-12-19T12:43:18","modified_gmt":"2025-12-19T12:43:18","slug":"conditions-generales","status":"publish","type":"page","link":"https:\/\/ww2.oldtimersgilis.be\/fr\/conditions-generales\/","title":{"rendered":"Conditions g\u00e9n\u00e9rales"},"content":{"rendered":"\t\t<div data-elementor-type=\"wp-page\" data-elementor-id=\"95829\" class=\"elementor elementor-95829 elementor-93113\">\n\t\t\t\t\t\t<section class=\"elementor-section elementor-top-section elementor-element elementor-element-2d9efad elementor-section-boxed elementor-section-height-default elementor-section-height-default\" data-id=\"2d9efad\" data-element_type=\"section\" data-e-type=\"section\">\n\t\t\t\t\t\t<div class=\"elementor-container elementor-column-gap-default\">\n\t\t\t\t\t<div class=\"elementor-column elementor-col-100 elementor-top-column elementor-element elementor-element-3d3481b\" data-id=\"3d3481b\" data-element_type=\"column\" data-e-type=\"column\">\n\t\t\t<div class=\"elementor-widget-wrap elementor-element-populated\">\n\t\t\t\t\t\t<div class=\"elementor-element elementor-element-89137a0 elementor-widget elementor-widget-heading\" data-id=\"89137a0\" data-element_type=\"widget\" data-e-type=\"widget\" data-widget_type=\"heading.default\">\n\t\t\t\t\t<h4 class=\"elementor-heading-title elementor-size-default\">En cas de litige, nous nous r\u00e9f\u00e9rons toujours aux conditions g\u00e9n\u00e9rales indiqu\u00e9es ci-dessous.<\/h4>\t\t\t\t<\/div>\n\t\t\t\t<div class=\"elementor-element elementor-element-5c952ca elementor-widget elementor-widget-text-editor\" data-id=\"5c952ca\" data-element_type=\"widget\" data-e-type=\"widget\" data-widget_type=\"text-editor.default\">\n\t\t\t\t\t\t\t\t\t<ol><li data-start=\"244\" data-end=\"562\">Sauf indication contraire sur la facture, toutes nos factures sont payables en esp\u00e8ces. En cas de non-paiement, nous nous r\u00e9servons le droit de r\u00e9tention. Tous les biens restent la propri\u00e9t\u00e9 d&#8217;Oldtimers Gilis BV jusqu&#8217;\u00e0 leur paiement int\u00e9gral.<br data-start=\"475\" data-end=\"478\">En cas de litige, seul le tribunal du domicile du vendeur sera comp\u00e9tent.<\/li><li data-start=\"244\" data-end=\"562\">En cas de non-paiement \u00e0 l\u2019\u00e9ch\u00e9ance, les montants des factures porteront int\u00e9r\u00eat au taux annuel de 10\u202f%. Si le paiement n\u2019est pas effectu\u00e9 dans les huit jours suivant l\u2019envoi d\u2019un rappel recommand\u00e9, le d\u00e9biteur devra, conform\u00e9ment aux articles 1139 et 1150 du Code civil, verser \u00e0 Oldtimers Gilis BV une indemnit\u00e9 contractuelle fixe et irr\u00e9vocable \u00e9gale \u00e0 10\u202f% du montant d\u00fb, avec un minimum de 125\u202f\u20ac. <\/li><li data-start=\"244\" data-end=\"562\">Toute r\u00e9clamation concernant les travaux ou livraisons mentionn\u00e9s sur nos factures doit \u00eatre adress\u00e9e par lettre recommand\u00e9e dans les huit jours suivant la date de la facture. \u00c0 d\u00e9faut, les factures seront consid\u00e9r\u00e9es comme enti\u00e8rement accept\u00e9es sans r\u00e9serve. <\/li><li data-start=\"244\" data-end=\"562\">L\u2019exp\u00e9dition des marchandises, m\u00eame lorsque le transport est pr\u00e9pay\u00e9, se fait aux risques du destinataire.<\/li><li data-start=\"244\" data-end=\"562\">L\u2019acceptation de lettres de change ou de bons de commande ne constitue pas une novation de la dette, et nos conditions g\u00e9n\u00e9rales restent pleinement applicables.<\/li><li data-start=\"244\" data-end=\"562\">L\u2019application des r\u00e8gles de TVA sera effectu\u00e9e selon les indications de l\u2019acheteur et sous sa pleine responsabilit\u00e9.<\/li><li data-start=\"244\" data-end=\"562\">Les marchandises livr\u00e9es ne seront jamais reprises ni \u00e9chang\u00e9es.<\/li><li data-start=\"244\" data-end=\"562\">Les v\u00e9hicules sont conduits sous la responsabilit\u00e9 du client.<\/li><li data-start=\"244\" data-end=\"562\">Les v\u00e9hicules entrepos\u00e9s dans nos locaux ne sont pas assur\u00e9s contre l\u2019incendie, le vol ou les dommages.<\/li><li data-start=\"244\" data-end=\"562\">Un contrat de vente d\u2019un v\u00e9hicule est contraignant\u202f; tout acompte vers\u00e9 n\u2019est pas remboursable.<\/li><li data-start=\"244\" data-end=\"562\">Tous les v\u00e9hicules vendus par nos soins b\u00e9n\u00e9ficient d\u2019une garantie l\u00e9gale maximale d\u2019un an. La garantie l\u00e9gale suppose que tout d\u00e9faut de conformit\u00e9 identifi\u00e9 au cours des six premiers mois existait d\u00e9j\u00e0 au moment de la livraison. Sauf preuve contraire, le vendeur doit donc supporter le co\u00fbt de la remise en conformit\u00e9. Apr\u00e8s les six premiers mois, la garantie l\u00e9gale suppose que le d\u00e9faut n\u2019existait pas au moment de la livraison\u202f; la charge de la preuve incombe donc \u00e0 l\u2019acheteur. Ce n\u2019est que sous cette condition stricte que le vendeur rem\u00e9diera au d\u00e9faut.    <\/li><li data-start=\"244\" data-end=\"562\">La garantie ne couvre jamais l\u2019entretien, les r\u00e9glages, l\u2019optimisation ou tout autre ajustement n\u00e9cessaire \u00e0 l\u2019utilisation normale du v\u00e9hicule. La garantie reste valable uniquement dans la mesure o\u00f9 l\u2019acheteur effectue l\u2019entretien requis du v\u00e9hicule (changements d\u2019huile, lubrification, r\u00e9glages, etc.) et peut en fournir la preuve. <\/li><li data-start=\"244\" data-end=\"562\">La garantie ne s\u2019applique pas si le v\u00e9hicule a \u00e9t\u00e9 endommag\u00e9 lors d\u2019un accident, si des r\u00e9parations ou modifications ayant caus\u00e9 des dommages cons\u00e9cutifs ont \u00e9t\u00e9 effectu\u00e9es en dehors de notre atelier ou d\u2019un atelier agr\u00e9\u00e9 par nous, ou en cas de n\u00e9gligence de l\u2019acheteur, de manque d\u2019entretien, d\u2019utilisation anormale ou incorrecte (y compris sur circuit), ou de l\u2019utilisation de produits inadapt\u00e9s ou de mauvaise qualit\u00e9. Les dommages caus\u00e9s par le gel ou d\u2019autres conditions m\u00e9t\u00e9orologiques s\u00e9v\u00e8res sont \u00e9galement exclus. <\/li><li data-start=\"244\" data-end=\"562\">Tous les travaux effectu\u00e9s dans le cadre de la garantie doivent, apr\u00e8s une \u00e9valuation contradictoire et sur rendez-vous pr\u00e9alable, \u00eatre r\u00e9alis\u00e9s exclusivement dans notre propre atelier ou dans un atelier d\u00e9sign\u00e9 par nos soins. L\u2019acheteur doit nous amener le v\u00e9hicule, ou le faire acheminer \u00e0 ses frais. Tous les frais engag\u00e9s en dehors de notre atelier et sans lettre recommand\u00e9e pr\u00e9alable adress\u00e9e \u00e0 nos soins restent enti\u00e8rement \u00e0 la charge de l\u2019acheteur.  <\/li><li data-start=\"244\" data-end=\"562\">Plus d\u2019informations concernant la garantie sont disponibles sur zichtopuwautogarantie.be.<\/li><li data-start=\"244\" data-end=\"562\">L\u2019acceptation de nos factures constitue une acceptation explicite et inconditionnelle de nos conditions g\u00e9n\u00e9rales telles que d\u00e9crites ci\u2011dessus.<\/li><li data-start=\"244\" data-end=\"562\">Toute alt\u00e9ration ou modification du v\u00e9hicule pendant la p\u00e9riode de garantie est strictement interdite et entra\u00eenera l\u2019annulation de la garantie.<\/li><li data-start=\"244\" data-end=\"562\">En cas de probl\u00e8me, le v\u00e9hicule doit \u00eatre imm\u00e9diatement arr\u00eat\u00e9 et nous devons en \u00eatre inform\u00e9s. Tout dommage cons\u00e9cutif caus\u00e9 par la poursuite de la conduite ne pourra pas \u00eatre couvert par la garantie. Les r\u00e9parations sous garantie sont effectu\u00e9es dans notre propre atelier. Les r\u00e9parations effectu\u00e9es dans d\u2019autres ateliers sans approbation pr\u00e9alable explicite ne peuvent pas \u00eatre r\u00e9clam\u00e9es \u00e0 Oldtimers Gilis BV.   <\/li><li data-start=\"244\" data-end=\"562\">Une utilisation incorrecte du v\u00e9hicule ou un chargement exceptionnellement lourd, comme la conduite sur circuit, peut annuler enti\u00e8rement la garantie. Chaque utilisateur doit traiter le v\u00e9hicule comme un \u00ab propri\u00e9taire bon et prudent \u00bb. <\/li><\/ol>\t\t\t\t\t\t\t\t<\/div>\n\t\t\t\t\t<\/div>\n\t\t<\/div>\n\t\t\t\t\t<\/div>\n\t\t<\/section>\n\t\t\t\t<\/div>\n\t\t","protected":false},"excerpt":{"rendered":"<p>En cas de litige, nous nous r\u00e9f\u00e9rons toujours aux conditions g\u00e9n\u00e9rales indiqu\u00e9es ci-dessous. Sauf indication contraire sur la facture, toutes nos factures sont payables en esp\u00e8ces. En cas de non-paiement, nous nous r\u00e9servons le droit de r\u00e9tention. Tous les biens restent la propri\u00e9t\u00e9 d&#8217;Oldtimers Gilis BV jusqu&#8217;\u00e0 leur paiement int\u00e9gral.En cas de litige, seul le&#8230;<\/p>\n","protected":false},"author":1,"featured_media":0,"parent":0,"menu_order":0,"comment_status":"closed","ping_status":"closed","template":"","meta":{"iawp_total_views":2,"footnotes":""},"class_list":["post-95829","page","type-page","status-publish","hentry"],"yoast_head":"<!-- This site is optimized with the Yoast SEO plugin v27.4 - https:\/\/yoast.com\/product\/yoast-seo-wordpress\/ -->\n<title>Conditions g\u00e9n\u00e9rales - Oldtimers Gilis<\/title>\n<meta name=\"robots\" content=\"index, follow, max-snippet:-1, max-image-preview:large, max-video-preview:-1\" \/>\n<link rel=\"canonical\" href=\"https:\/\/ww2.oldtimersgilis.be\/fr\/conditions-generales\/\" \/>\n<meta property=\"og:locale\" content=\"fr_FR\" \/>\n<meta property=\"og:type\" content=\"article\" \/>\n<meta property=\"og:title\" content=\"Conditions g\u00e9n\u00e9rales - Oldtimers Gilis\" \/>\n<meta property=\"og:description\" content=\"En cas de litige, nous nous r\u00e9f\u00e9rons toujours aux conditions g\u00e9n\u00e9rales indiqu\u00e9es ci-dessous. Sauf indication contraire sur la facture, toutes nos factures sont payables en esp\u00e8ces. En cas de non-paiement, nous nous r\u00e9servons le droit de r\u00e9tention. Tous les biens restent la propri\u00e9t\u00e9 d&#8217;Oldtimers Gilis BV jusqu&#8217;\u00e0 leur paiement int\u00e9gral.En cas de litige, seul le...\" \/>\n<meta property=\"og:url\" content=\"https:\/\/ww2.oldtimersgilis.be\/fr\/conditions-generales\/\" \/>\n<meta property=\"og:site_name\" content=\"Oldtimers Gilis\" \/>\n<meta property=\"article:publisher\" content=\"https:\/\/www.facebook.com\/oldtimersgilis\" \/>\n<meta property=\"article:modified_time\" content=\"2025-12-19T12:43:18+00:00\" \/>\n<meta name=\"twitter:card\" content=\"summary_large_image\" \/>\n<meta name=\"twitter:label1\" content=\"Dur\u00e9e de lecture estim\u00e9e\" \/>\n\t<meta name=\"twitter:data1\" content=\"4 minutes\" \/>\n<script type=\"application\/ld+json\" class=\"yoast-schema-graph\">{\"@context\":\"https:\\\/\\\/schema.org\",\"@graph\":[{\"@type\":\"WebPage\",\"@id\":\"https:\\\/\\\/ww2.oldtimersgilis.be\\\/fr\\\/conditions-generales\\\/\",\"url\":\"https:\\\/\\\/ww2.oldtimersgilis.be\\\/fr\\\/conditions-generales\\\/\",\"name\":\"Conditions g\u00e9n\u00e9rales - Oldtimers Gilis\",\"isPartOf\":{\"@id\":\"https:\\\/\\\/ww2.oldtimersgilis.be\\\/fr\\\/#website\"},\"datePublished\":\"2025-12-05T12:39:39+00:00\",\"dateModified\":\"2025-12-19T12:43:18+00:00\",\"breadcrumb\":{\"@id\":\"https:\\\/\\\/ww2.oldtimersgilis.be\\\/fr\\\/conditions-generales\\\/#breadcrumb\"},\"inLanguage\":\"fr-FR\",\"potentialAction\":[{\"@type\":\"ReadAction\",\"target\":[\"https:\\\/\\\/ww2.oldtimersgilis.be\\\/fr\\\/conditions-generales\\\/\"]}]},{\"@type\":\"BreadcrumbList\",\"@id\":\"https:\\\/\\\/ww2.oldtimersgilis.be\\\/fr\\\/conditions-generales\\\/#breadcrumb\",\"itemListElement\":[{\"@type\":\"ListItem\",\"position\":1,\"name\":\"Home\",\"item\":\"https:\\\/\\\/ww2.oldtimersgilis.be\\\/fr\\\/\"},{\"@type\":\"ListItem\",\"position\":2,\"name\":\"Conditions g\u00e9n\u00e9rales\"}]},{\"@type\":\"WebSite\",\"@id\":\"https:\\\/\\\/ww2.oldtimersgilis.be\\\/fr\\\/#website\",\"url\":\"https:\\\/\\\/ww2.oldtimersgilis.be\\\/fr\\\/\",\"name\":\"Oldtimers Gilis Aarschot\",\"description\":\"Aan- en verkoop van oldtimers en classic cars\",\"publisher\":{\"@id\":\"https:\\\/\\\/ww2.oldtimersgilis.be\\\/fr\\\/#organization\"},\"potentialAction\":[{\"@type\":\"SearchAction\",\"target\":{\"@type\":\"EntryPoint\",\"urlTemplate\":\"https:\\\/\\\/ww2.oldtimersgilis.be\\\/fr\\\/?s={search_term_string}\"},\"query-input\":{\"@type\":\"PropertyValueSpecification\",\"valueRequired\":true,\"valueName\":\"search_term_string\"}}],\"inLanguage\":\"fr-FR\"},{\"@type\":\"Organization\",\"@id\":\"https:\\\/\\\/ww2.oldtimersgilis.be\\\/fr\\\/#organization\",\"name\":\"Oldtimers Gilis BV\",\"url\":\"https:\\\/\\\/ww2.oldtimersgilis.be\\\/fr\\\/\",\"logo\":{\"@type\":\"ImageObject\",\"inLanguage\":\"fr-FR\",\"@id\":\"https:\\\/\\\/ww2.oldtimersgilis.be\\\/fr\\\/#\\\/schema\\\/logo\\\/image\\\/\",\"url\":\"https:\\\/\\\/ww2.oldtimersgilis.be\\\/wp-content\\\/uploads\\\/2025\\\/12\\\/logo-porsche-200x200-1.png\",\"contentUrl\":\"https:\\\/\\\/ww2.oldtimersgilis.be\\\/wp-content\\\/uploads\\\/2025\\\/12\\\/logo-porsche-200x200-1.png\",\"width\":200,\"height\":204,\"caption\":\"Oldtimers Gilis BV\"},\"image\":{\"@id\":\"https:\\\/\\\/ww2.oldtimersgilis.be\\\/fr\\\/#\\\/schema\\\/logo\\\/image\\\/\"},\"sameAs\":[\"https:\\\/\\\/www.facebook.com\\\/oldtimersgilis\",\"https:\\\/\\\/www.instagram.com\\\/oldtimersgilis\",\"https:\\\/\\\/www.youtube.com\\\/oldtimersgilis\"]}]}<\/script>\n<!-- \/ Yoast SEO plugin. -->","yoast_head_json":{"title":"Conditions g\u00e9n\u00e9rales - Oldtimers Gilis","robots":{"index":"index","follow":"follow","max-snippet":"max-snippet:-1","max-image-preview":"max-image-preview:large","max-video-preview":"max-video-preview:-1"},"canonical":"https:\/\/ww2.oldtimersgilis.be\/fr\/conditions-generales\/","og_locale":"fr_FR","og_type":"article","og_title":"Conditions g\u00e9n\u00e9rales - Oldtimers Gilis","og_description":"En cas de litige, nous nous r\u00e9f\u00e9rons toujours aux conditions g\u00e9n\u00e9rales indiqu\u00e9es ci-dessous. Sauf indication contraire sur la facture, toutes nos factures sont payables en esp\u00e8ces. En cas de non-paiement, nous nous r\u00e9servons le droit de r\u00e9tention. Tous les biens restent la propri\u00e9t\u00e9 d&#8217;Oldtimers Gilis BV jusqu&#8217;\u00e0 leur paiement int\u00e9gral.En cas de litige, seul le...","og_url":"https:\/\/ww2.oldtimersgilis.be\/fr\/conditions-generales\/","og_site_name":"Oldtimers Gilis","article_publisher":"https:\/\/www.facebook.com\/oldtimersgilis","article_modified_time":"2025-12-19T12:43:18+00:00","twitter_card":"summary_large_image","twitter_misc":{"Dur\u00e9e de lecture estim\u00e9e":"4 minutes"},"schema":{"@context":"https:\/\/schema.org","@graph":[{"@type":"WebPage","@id":"https:\/\/ww2.oldtimersgilis.be\/fr\/conditions-generales\/","url":"https:\/\/ww2.oldtimersgilis.be\/fr\/conditions-generales\/","name":"Conditions g\u00e9n\u00e9rales - Oldtimers Gilis","isPartOf":{"@id":"https:\/\/ww2.oldtimersgilis.be\/fr\/#website"},"datePublished":"2025-12-05T12:39:39+00:00","dateModified":"2025-12-19T12:43:18+00:00","breadcrumb":{"@id":"https:\/\/ww2.oldtimersgilis.be\/fr\/conditions-generales\/#breadcrumb"},"inLanguage":"fr-FR","potentialAction":[{"@type":"ReadAction","target":["https:\/\/ww2.oldtimersgilis.be\/fr\/conditions-generales\/"]}]},{"@type":"BreadcrumbList","@id":"https:\/\/ww2.oldtimersgilis.be\/fr\/conditions-generales\/#breadcrumb","itemListElement":[{"@type":"ListItem","position":1,"name":"Home","item":"https:\/\/ww2.oldtimersgilis.be\/fr\/"},{"@type":"ListItem","position":2,"name":"Conditions g\u00e9n\u00e9rales"}]},{"@type":"WebSite","@id":"https:\/\/ww2.oldtimersgilis.be\/fr\/#website","url":"https:\/\/ww2.oldtimersgilis.be\/fr\/","name":"Oldtimers Gilis Aarschot","description":"Aan- en verkoop van oldtimers en classic cars","publisher":{"@id":"https:\/\/ww2.oldtimersgilis.be\/fr\/#organization"},"potentialAction":[{"@type":"SearchAction","target":{"@type":"EntryPoint","urlTemplate":"https:\/\/ww2.oldtimersgilis.be\/fr\/?s={search_term_string}"},"query-input":{"@type":"PropertyValueSpecification","valueRequired":true,"valueName":"search_term_string"}}],"inLanguage":"fr-FR"},{"@type":"Organization","@id":"https:\/\/ww2.oldtimersgilis.be\/fr\/#organization","name":"Oldtimers Gilis BV","url":"https:\/\/ww2.oldtimersgilis.be\/fr\/","logo":{"@type":"ImageObject","inLanguage":"fr-FR","@id":"https:\/\/ww2.oldtimersgilis.be\/fr\/#\/schema\/logo\/image\/","url":"https:\/\/ww2.oldtimersgilis.be\/wp-content\/uploads\/2025\/12\/logo-porsche-200x200-1.png","contentUrl":"https:\/\/ww2.oldtimersgilis.be\/wp-content\/uploads\/2025\/12\/logo-porsche-200x200-1.png","width":200,"height":204,"caption":"Oldtimers Gilis BV"},"image":{"@id":"https:\/\/ww2.oldtimersgilis.be\/fr\/#\/schema\/logo\/image\/"},"sameAs":["https:\/\/www.facebook.com\/oldtimersgilis","https:\/\/www.instagram.com\/oldtimersgilis","https:\/\/www.youtube.com\/oldtimersgilis"]}]}},"_links":{"self":[{"href":"https:\/\/ww2.oldtimersgilis.be\/fr\/wp-json\/wp\/v2\/pages\/95829","targetHints":{"allow":["GET"]}}],"collection":[{"href":"https:\/\/ww2.oldtimersgilis.be\/fr\/wp-json\/wp\/v2\/pages"}],"about":[{"href":"https:\/\/ww2.oldtimersgilis.be\/fr\/wp-json\/wp\/v2\/types\/page"}],"author":[{"embeddable":true,"href":"https:\/\/ww2.oldtimersgilis.be\/fr\/wp-json\/wp\/v2\/users\/1"}],"replies":[{"embeddable":true,"href":"https:\/\/ww2.oldtimersgilis.be\/fr\/wp-json\/wp\/v2\/comments?post=95829"}],"version-history":[{"count":2,"href":"https:\/\/ww2.oldtimersgilis.be\/fr\/wp-json\/wp\/v2\/pages\/95829\/revisions"}],"predecessor-version":[{"id":96017,"href":"https:\/\/ww2.oldtimersgilis.be\/fr\/wp-json\/wp\/v2\/pages\/95829\/revisions\/96017"}],"wp:attachment":[{"href":"https:\/\/ww2.oldtimersgilis.be\/fr\/wp-json\/wp\/v2\/media?parent=95829"}],"curies":[{"name":"wp","href":"https:\/\/api.w.org\/{rel}","templated":true}]}}